{"id":630,"date":"2024-02-07T17:13:04","date_gmt":"2024-02-07T17:13:04","guid":{"rendered":"http:\/\/becascoahuila.gob.mx\/?page_id=630"},"modified":"2025-03-19T22:43:16","modified_gmt":"2025-03-19T22:43:16","slug":"secundaria","status":"publish","type":"page","link":"http:\/\/becascoahuila.gob.mx\/index.php\/secundaria\/","title":{"rendered":"Secundaria"},"content":{"rendered":"\t\t<div data-elementor-type=\"wp-page\" data-elementor-id=\"630\" class=\"elementor elementor-630\">\n\t\t\t\t<div class=\"elementor-element elementor-element-30a3e99 e-flex e-con-boxed wpr-particle-no wpr-jarallax-no wpr-parallax-no wpr-sticky-section-no e-con e-parent\" data-id=\"30a3e99\" data-element_type=\"container\">\n\t\t\t\t\t<div class=\"e-con-inner\">\n\t\t\t\t<div class=\"elementor-element elementor-element-180f614 elementor-widget elementor-widget-heading\" data-id=\"180f614\" data-element_type=\"widget\" data-widget_type=\"heading.default\">\n\t\t\t\t<div class=\"elementor-widget-container\">\n\t\t\t\t\t<h2 class=\"elementor-heading-title elementor-size-default\">Secundaria<\/h2>\t\t\t\t<\/div>\n\t\t\t\t<\/div>\n\t\t\t\t\t<\/div>\n\t\t\t\t<\/div>\n\t\t<div class=\"elementor-element elementor-element-dc6b156 e-flex e-con-boxed wpr-particle-no wpr-jarallax-no wpr-parallax-no wpr-sticky-section-no e-con e-parent\" data-id=\"dc6b156\" data-element_type=\"container\">\n\t\t\t\t\t<div class=\"e-con-inner\">\n\t\t<div class=\"elementor-element elementor-element-f4f15d4 e-con-full e-flex wpr-particle-no wpr-jarallax-no wpr-parallax-no wpr-sticky-section-no e-con e-child\" data-id=\"f4f15d4\" data-element_type=\"container\">\n\t\t\t\t<div class=\"elementor-element elementor-element-3e966e2 elementor-widget elementor-widget-bdt-animated-card\" data-id=\"3e966e2\" data-element_type=\"widget\" data-widget_type=\"bdt-animated-card.default\">\n\t\t\t\t<div class=\"elementor-widget-container\">\n\t\t\t\t\t\t\t<div class=\"bdt-ep-animated-card bdt-style-1\">\n\t\t\t<div class=\"bdt-ep-animated-card-item\">\n\t\t\t\t<div class=\"bdt-ep-animated-card-circle\"><\/div>\n\t\t\t\t<div class=\"bdt-ep-animated-card-content\">\n\t\t\t\t\t\n\t\t\n\t\t\t\t\t\t\t\t\t<h3 class=\"bdt-ep-animated-card-title\">\n\t\t\t\t\tBecas para hijos de mineros\t\t\t\t<\/h3>\n\t\t\t\t\t\n\t\t\t\t\t\t\t\t\t<div class=\"bdt-ep-animated-card-text\">\n\t\t\t\t\tBecas para hijos de mineros fallecidos en la Mina la Espuela, Mina Santa Mar\u00eda y Mina Pasta de Conchos.\t\t\t\t<\/div>\n\t\t\t\t\t\n\t\t\t\t\t<div class=\"bdt-ep-animated-card-btn-wrap\">\n\t\t\t\t<a class=\"bdt-ep-animated-card-btn bdt-display-inline-block\" href=\"http:\/\/becascoahuila.gob.mx\/index.php\/inicio\/becas-para-hijos-de-mineros\/\">\n\t\t\t\t\tVer Informaci\u00f3n\t\t\t\t\t\t\t\t\t<\/a>\n\t\t\t<\/div>\n\t\t\t\t\t\t\t<\/div>\n\t\t\t\t<div class=\"bdt-ep-animated-card-img-wrap\"><img decoding=\"async\" width=\"133\" height=\"190\" src=\"http:\/\/becascoahuila.gob.mx\/wp-content\/uploads\/2024\/02\/hijos.png\" class=\"bdt-ep-animated-card-img\" alt=\"Becas para hijos de mineros\" \/><\/div>\t\t\t<\/div>\n\t\t<\/div>\n\t\t\t\t<\/div>\n\t\t\t\t<\/div>\n\t\t\t\t<\/div>\n\t\t<div class=\"elementor-element elementor-element-7fe0636 e-con-full e-flex wpr-particle-no wpr-jarallax-no wpr-parallax-no wpr-sticky-section-no e-con e-child\" data-id=\"7fe0636\" data-element_type=\"container\">\n\t\t\t\t<div class=\"elementor-element elementor-element-5d0f9e3 elementor-widget elementor-widget-bdt-animated-card\" data-id=\"5d0f9e3\" data-element_type=\"widget\" data-widget_type=\"bdt-animated-card.default\">\n\t\t\t\t<div class=\"elementor-widget-container\">\n\t\t\t\t\t\t\t<div class=\"bdt-ep-animated-card bdt-style-1\">\n\t\t\t<div class=\"bdt-ep-animated-card-item\">\n\t\t\t\t<div class=\"bdt-ep-animated-card-circle\"><\/div>\n\t\t\t\t<div class=\"bdt-ep-animated-card-content\">\n\t\t\t\t\t\n\t\t\n\t\t\t\t\t\t\t\t\t<h3 class=\"bdt-ep-animated-card-title\">\n\t\t\t\t\tBecas para alumnos de instituciones particulares\t\t\t\t<\/h3>\n\t\t\t\t\t\n\t\t\t\t\t\t\t\t\t<div class=\"bdt-ep-animated-card-text\">\n\t\t\t\t\tPrograma de Becas para alumnos inscritos en instituciones particulares incorporadas\t\t\t\t<\/div>\n\t\t\t\t\t\n\t\t\t\t\t<div class=\"bdt-ep-animated-card-btn-wrap\">\n\t\t\t\t<a class=\"bdt-ep-animated-card-btn bdt-display-inline-block\" href=\"http:\/\/becascoahuila.gob.mx\/index.php\/becas-instituciones-particulares-basica-secundaria\/\">\n\t\t\t\t\tVer Informaci\u00f3n\t\t\t\t\t\t\t\t\t<\/a>\n\t\t\t<\/div>\n\t\t\t\t\t\t\t<\/div>\n\t\t\t\t<div class=\"bdt-ep-animated-card-img-wrap\"><img decoding=\"async\" width=\"133\" height=\"190\" src=\"http:\/\/becascoahuila.gob.mx\/wp-content\/uploads\/2024\/02\/estudiantes.png\" class=\"bdt-ep-animated-card-img\" alt=\"Becas para alumnos de instituciones particulares\" \/><\/div>\t\t\t<\/div>\n\t\t<\/div>\n\t\t\t\t<\/div>\n\t\t\t\t<\/div>\n\t\t\t\t<\/div>\n\t\t\t\t\t<\/div>\n\t\t\t\t<\/div>\n\t\t<div class=\"elementor-element elementor-element-5e64529 e-flex e-con-boxed wpr-particle-no wpr-jarallax-no wpr-parallax-no wpr-sticky-section-no e-con e-parent\" data-id=\"5e64529\" data-element_type=\"container\">\n\t\t\t\t\t<div class=\"e-con-inner\">\n\t\t<div class=\"elementor-element elementor-element-a2d2afb e-con-full e-flex wpr-particle-no wpr-jarallax-no wpr-parallax-no wpr-sticky-section-no e-con e-child\" data-id=\"a2d2afb\" data-element_type=\"container\">\n\t\t\t\t<div class=\"elementor-element elementor-element-9c8202c elementor-widget elementor-widget-bdt-animated-card\" data-id=\"9c8202c\" data-element_type=\"widget\" data-widget_type=\"bdt-animated-card.default\">\n\t\t\t\t<div class=\"elementor-widget-container\">\n\t\t\t\t\t\t\t<div class=\"bdt-ep-animated-card bdt-style-1\">\n\t\t\t<div class=\"bdt-ep-animated-card-item\">\n\t\t\t\t<div class=\"bdt-ep-animated-card-circle\"><\/div>\n\t\t\t\t<div class=\"bdt-ep-animated-card-content\">\n\t\t\t\t\t\n\t\t\n\t\t\t\t\t\t\t\t\t<h3 class=\"bdt-ep-animated-card-title\">\n\t\t\t\t\tB\u00e9came\t\t\t\t<\/h3>\n\t\t\t\t\t\n\t\t\t\t\t\t\t\t\t<div class=\"bdt-ep-animated-card-text\">\n\t\t\t\t\tEl programa estar\u00e1 orientado a la poblaci\u00f3n escolar \u2013en condiciones de pobreza\t\t\t\t<\/div>\n\t\t\t\t\t\n\t\t\t\t\t<div class=\"bdt-ep-animated-card-btn-wrap\">\n\t\t\t\t<a class=\"bdt-ep-animated-card-btn bdt-display-inline-block\" href=\"http:\/\/becascoahuila.gob.mx\/index.php\/became\/\">\n\t\t\t\t\tVer Informaci\u00f3n\t\t\t\t\t\t\t\t\t<\/a>\n\t\t\t<\/div>\n\t\t\t\t\t\t\t<\/div>\n\t\t\t\t<div class=\"bdt-ep-animated-card-img-wrap\"><img decoding=\"async\" width=\"133\" height=\"190\" src=\"http:\/\/becascoahuila.gob.mx\/wp-content\/uploads\/2024\/02\/became.png\" class=\"bdt-ep-animated-card-img\" alt=\"B\u00e9came\" \/><\/div>\t\t\t<\/div>\n\t\t<\/div>\n\t\t\t\t<\/div>\n\t\t\t\t<\/div>\n\t\t\t\t<\/div>\n\t\t<div class=\"elementor-element elementor-element-ced9c6b e-con-full e-flex wpr-particle-no wpr-jarallax-no wpr-parallax-no wpr-sticky-section-no e-con e-child\" data-id=\"ced9c6b\" data-element_type=\"container\">\n\t\t\t\t<div class=\"elementor-element elementor-element-a55cd45 elementor-widget elementor-widget-bdt-animated-card\" data-id=\"a55cd45\" data-element_type=\"widget\" data-widget_type=\"bdt-animated-card.default\">\n\t\t\t\t<div class=\"elementor-widget-container\">\n\t\t\t\t\t\t\t<div class=\"bdt-ep-animated-card bdt-style-1\">\n\t\t\t<div class=\"bdt-ep-animated-card-item\">\n\t\t\t\t<div class=\"bdt-ep-animated-card-circle\"><\/div>\n\t\t\t\t<div class=\"bdt-ep-animated-card-content\">\n\t\t\t\t\t\n\t\t\n\t\t\t\t\t\t\t\t\t<h3 class=\"bdt-ep-animated-card-title\">\n\t\t\t\t\tBecas para hijos de trabajadores del SNTE\t\t\t\t<\/h3>\n\t\t\t\t\t\n\t\t\t\t\t\t\t\t\t<div class=\"bdt-ep-animated-card-text\">\n\t\t\t\t\tBecas para hijos de Trabajadores de la Educaci\u00f3n Secci\u00f3n 38.\t\t\t\t<\/div>\n\t\t\t\t\t\n\t\t\t\t\t<div class=\"bdt-ep-animated-card-btn-wrap\">\n\t\t\t\t<a class=\"bdt-ep-animated-card-btn bdt-display-inline-block\" href=\"http:\/\/becascoahuila.gob.mx\/index.php\/becas-para-hijos-de-trabajadores-de-la-educacion-pertenecientes-a-la-seccion-38-del-sindicato-nacional-de-trabajadores-de-la-educacion-snte\/\">\n\t\t\t\t\tVer Informaci\u00f3n\t\t\t\t\t\t\t\t\t<\/a>\n\t\t\t<\/div>\n\t\t\t\t\t\t\t<\/div>\n\t\t\t\t<div class=\"bdt-ep-animated-card-img-wrap\"><img loading=\"lazy\" decoding=\"async\" width=\"133\" height=\"190\" src=\"http:\/\/becascoahuila.gob.mx\/wp-content\/uploads\/2024\/02\/snte.png\" class=\"bdt-ep-animated-card-img\" alt=\"Becas para hijos de trabajadores del SNTE\" \/><\/div>\t\t\t<\/div>\n\t\t<\/div>\n\t\t\t\t<\/div>\n\t\t\t\t<\/div>\n\t\t\t\t<\/div>\n\t\t\t\t\t<\/div>\n\t\t\t\t<\/div>\n\t\t<div class=\"elementor-element elementor-element-694d00b e-flex e-con-boxed wpr-particle-no wpr-jarallax-no wpr-parallax-no wpr-sticky-section-no e-con e-parent\" data-id=\"694d00b\" data-element_type=\"container\">\n\t\t\t\t\t<div class=\"e-con-inner\">\n\t\t<div class=\"elementor-element elementor-element-e2d9544 e-con-full e-flex wpr-particle-no wpr-jarallax-no wpr-parallax-no wpr-sticky-section-no e-con e-child\" data-id=\"e2d9544\" data-element_type=\"container\">\n\t\t\t\t<\/div>\n\t\t<div class=\"elementor-element elementor-element-ae9b9fd e-con-full e-flex wpr-particle-no wpr-jarallax-no wpr-parallax-no wpr-sticky-section-no e-con e-child\" data-id=\"ae9b9fd\" data-element_type=\"container\">\n\t\t\t\t<\/div>\n\t\t\t\t\t<\/div>\n\t\t\t\t<\/div>\n\t\t\t\t<\/div>\n\t\t","protected":false},"excerpt":{"rendered":"<p>Secundaria Becas para hijos de mineros Becas para hijos de mineros fallecidos en la Mina la Espuela, Mina Santa Mar\u00eda y Mina Pasta de Conchos. Ver Informaci\u00f3n Becas para alumnos de instituciones particulares Programa de Becas para alumnos inscritos en instituciones particulares incorporadas Ver Informaci\u00f3n B\u00e9came El programa estar\u00e1 orientado a la poblaci\u00f3n escolar \u2013en condiciones de pobreza Ver Informaci\u00f3n Becas para hijos de trabajadores del SNTE Becas para hijos de Trabajadores de la Educaci\u00f3n Secci\u00f3n 38. Ver Informaci\u00f3n<\/p>\n<div class=\"pvc_clear\"><\/div>\n<p id=\"pvc_stats_630\" class=\"pvc_stats all  \" data-element-id=\"630\" style=\"\"><i class=\"pvc-stats-icon large\" aria-hidden=\"true\"><svg xmlns=\"http:\/\/www.w3.org\/2000\/svg\" version=\"1.0\" viewBox=\"0 0 502 315\" preserveAspectRatio=\"xMidYMid meet\"><g transform=\"translate(0,332) scale(0.1,-0.1)\" fill=\"\" stroke=\"none\"><path d=\"M2394 3279 l-29 -30 -3 -207 c-2 -182 0 -211 15 -242 39 -76 157 -76 196 0 15 31 17 60 15 243 l-3 209 -33 29 c-26 23 -41 29 -80 29 -41 0 -53 -5 -78 -31z\"\/><path d=\"M3085 3251 c-45 -19 -58 -50 -96 -229 -47 -217 -49 -260 -13 -295 52 -53 146 -42 177 20 16 31 87 366 87 410 0 70 -86 122 -155 94z\"\/><path d=\"M1751 3234 c-13 -9 -29 -31 -37 -50 -12 -29 -10 -49 21 -204 19 -94 39 -189 45 -210 14 -50 54 -80 110 -80 34 0 48 6 76 34 21 21 34 44 34 59 0 14 -18 113 -40 219 -37 178 -43 195 -70 221 -36 32 -101 37 -139 11z\"\/><path d=\"M1163 3073 c-36 -7 -73 -59 -73 -102 0 -56 133 -378 171 -413 34 -32 83 -37 129 -13 70 36 67 87 -16 290 -86 209 -89 214 -129 231 -35 14 -42 15 -82 7z\"\/><path d=\"M3689 3066 c-15 -9 -33 -30 -42 -48 -48 -103 -147 -355 -147 -375 0 -98 131 -148 192 -74 13 15 57 108 97 206 80 196 84 226 37 273 -30 30 -99 39 -137 18z\"\/><path d=\"M583 2784 c-38 -19 -67 -74 -58 -113 9 -42 211 -354 242 -373 16 -10 45 -18 66 -18 51 0 107 52 107 100 0 39 -1 41 -124 234 -80 126 -108 162 -133 173 -41 17 -61 16 -100 -3z\"\/><path d=\"M4250 2784 c-14 -9 -74 -91 -133 -183 -95 -150 -107 -173 -107 -213 0 -55 33 -94 87 -104 67 -13 90 8 211 198 130 202 137 225 78 284 -27 27 -42 34 -72 34 -22 0 -50 -8 -64 -16z\"\/><path d=\"M2275 2693 c-553 -48 -1095 -270 -1585 -649 -135 -104 -459 -423 -483 -476 -23 -49 -22 -139 2 -186 73 -142 361 -457 571 -626 285 -228 642 -407 990 -497 242 -63 336 -73 660 -74 310 0 370 5 595 52 535 111 1045 392 1455 803 122 121 250 273 275 326 19 41 19 137 0 174 -41 79 -309 363 -465 492 -447 370 -946 591 -1479 653 -113 14 -422 18 -536 8z m395 -428 c171 -34 330 -124 456 -258 112 -119 167 -219 211 -378 27 -96 24 -300 -5 -401 -72 -255 -236 -447 -474 -557 -132 -62 -201 -76 -368 -76 -167 0 -236 14 -368 76 -213 98 -373 271 -451 485 -162 444 86 934 547 1084 153 49 292 57 452 25z m909 -232 c222 -123 408 -262 593 -441 76 -74 138 -139 138 -144 0 -16 -233 -242 -330 -319 -155 -123 -309 -223 -461 -299 l-81 -41 32 46 c18 26 49 83 70 128 143 306 141 649 -6 957 -25 52 -61 116 -79 142 l-34 47 45 -20 c26 -10 76 -36 113 -56z m-2057 25 c-40 -58 -105 -190 -130 -263 -110 -324 -59 -707 132 -981 25 -35 42 -64 37 -64 -19 0 -241 119 -326 174 -188 122 -406 314 -532 468 l-58 71 108 103 c185 178 428 349 672 473 66 33 121 60 123 61 2 0 -10 -19 -26 -42z\"\/><path d=\"M2375 1950 c-198 -44 -350 -190 -395 -379 -18 -76 -8 -221 19 -290 114 -284 457 -406 731 -260 98 52 188 154 231 260 27 69 37 214 19 290 -38 163 -166 304 -326 360 -67 23 -215 33 -279 19z\"\/><\/g><\/svg><\/i> <img loading=\"lazy\" decoding=\"async\" width=\"16\" height=\"16\" alt=\"Loading\" src=\"http:\/\/becascoahuila.gob.mx\/wp-content\/plugins\/page-views-count\/ajax-loader-2x.gif\" border=0 \/><\/p>\n<div class=\"pvc_clear\"><\/div>\n","protected":false},"author":1,"featured_media":0,"parent":0,"menu_order":0,"comment_status":"closed","ping_status":"closed","template":"elementor_header_footer","meta":{"footnotes":""},"class_list":["post-630","page","type-page","status-publish","hentry"],"_links":{"self":[{"href":"http:\/\/becascoahuila.gob.mx\/index.php\/wp-json\/wp\/v2\/pages\/630","targetHints":{"allow":["GET"]}}],"collection":[{"href":"http:\/\/becascoahuila.gob.mx\/index.php\/wp-json\/wp\/v2\/pages"}],"about":[{"href":"http:\/\/becascoahuila.gob.mx\/index.php\/wp-json\/wp\/v2\/types\/page"}],"author":[{"embeddable":true,"href":"http:\/\/becascoahuila.gob.mx\/index.php\/wp-json\/wp\/v2\/users\/1"}],"replies":[{"embeddable":true,"href":"http:\/\/becascoahuila.gob.mx\/index.php\/wp-json\/wp\/v2\/comments?post=630"}],"version-history":[{"count":19,"href":"http:\/\/becascoahuila.gob.mx\/index.php\/wp-json\/wp\/v2\/pages\/630\/revisions"}],"predecessor-version":[{"id":1043,"href":"http:\/\/becascoahuila.gob.mx\/index.php\/wp-json\/wp\/v2\/pages\/630\/revisions\/1043"}],"wp:attachment":[{"href":"http:\/\/becascoahuila.gob.mx\/index.php\/wp-json\/wp\/v2\/media?parent=630"}],"curies":[{"name":"wp","href":"https:\/\/api.w.org\/{rel}","templated":true}]}}