{"id":791,"date":"2024-02-14T15:38:32","date_gmt":"2024-02-14T15:38:32","guid":{"rendered":"http:\/\/becascoahuila.gob.mx\/?page_id=791"},"modified":"2024-04-15T17:05:11","modified_gmt":"2024-04-15T17:05:11","slug":"becas-para-hijos-de-trabajadores-de-la-educacion-pertenecientes-a-la-seccion-38-del-sindicato-nacional-de-trabajadores-de-la-educacion-snte","status":"publish","type":"page","link":"http:\/\/becascoahuila.gob.mx\/index.php\/becas-para-hijos-de-trabajadores-de-la-educacion-pertenecientes-a-la-seccion-38-del-sindicato-nacional-de-trabajadores-de-la-educacion-snte\/","title":{"rendered":"Becas para Hijos de Trabajadores de la Educaci\u00f3n pertenecientes a la Secci\u00f3n 38 del Sindicato Nacional de Trabajadores de la Educaci\u00f3n (SNTE)"},"content":{"rendered":"\t\t<div data-elementor-type=\"wp-page\" data-elementor-id=\"791\" class=\"elementor elementor-791\">\n\t\t\t\t<div class=\"elementor-element elementor-element-079fb1f e-flex e-con-boxed wpr-particle-no wpr-jarallax-no wpr-parallax-no wpr-sticky-section-no e-con e-parent\" data-id=\"079fb1f\" data-element_type=\"container\">\n\t\t\t\t\t<div class=\"e-con-inner\">\n\t\t\t\t<div class=\"elementor-element elementor-element-cfe8fec elementor-widget elementor-widget-heading\" data-id=\"cfe8fec\" data-element_type=\"widget\" data-widget_type=\"heading.default\">\n\t\t\t\t<div class=\"elementor-widget-container\">\n\t\t\t\t\t<h2 class=\"elementor-heading-title elementor-size-default\">Becas para Hijos de Trabajadores de la Educaci\u00f3n pertenecientes a la Secci\u00f3n 38 del Sindicato Nacional de Trabajadores de la Educaci\u00f3n (SNTE).<\/h2>\t\t\t\t<\/div>\n\t\t\t\t<\/div>\n\t\t\t\t<div class=\"elementor-element elementor-element-2cdbd4d elementor-widget elementor-widget-text-editor\" data-id=\"2cdbd4d\" data-element_type=\"widget\" data-widget_type=\"text-editor.default\">\n\t\t\t\t<div class=\"elementor-widget-container\">\n\t\t\t\t\t\t\t\t\t<table><tbody><tr><td width=\"294\"><p><strong>Nombre del Programa<\/strong><\/p><p><strong>\u00a0<\/strong><\/p><\/td><td width=\"294\"><p>\u00a0Becas para hijos de Trabajadores de la Educaci\u00f3n pertenecientes a la Secci\u00f3n 38 del Sindicato Nacional de Trabajadores de la Educaci\u00f3n (SNTE).<\/p><p>\u00a0<\/p><\/td><\/tr><tr><td width=\"294\"><p><strong>Impacto<\/strong><\/p><\/td><td width=\"294\"><p>Prestaci\u00f3n econ\u00f3mica al personal Docente, al de Apoyo y Asistencia a la Educaci\u00f3n; en beneficio a los hijos.<\/p><p>\u00a0<\/p><\/td><\/tr><tr><td width=\"294\"><p><strong>Beneficiarios<\/strong><\/p><\/td><td width=\"294\"><p>Alumnos de escuelas p\u00fablicas del nivel de: Primaria, Secundaria, Media Superior (bachiller, bachiller t\u00e9cnico y formaci\u00f3n para el trabajo), Escuelas Normales e Institutos Tecnol\u00f3gicos del Estado de Coahuila.<\/p><p>\u00a0<\/p><\/td><\/tr><tr><td width=\"294\"><p><strong>Fuente de la Inversi\u00f3n<\/strong><\/p><p><strong>\u00a0<\/strong><\/p><\/td><td width=\"294\"><p>Estatal<\/p><p>\u00a0<\/p><\/td><\/tr><tr><td width=\"294\"><p><strong>Descripci\u00f3n del Programa<\/strong><\/p><p><strong>\u00a0<\/strong><\/p><\/td><td width=\"294\"><p>La beca consiste en el pago de $ 1,600.00 (un mil seiscientos pesos 00\/100 m.n.) en una sola emisi\u00f3n.<\/p><p>\u00a0<\/p><p>La promoci\u00f3n asignaci\u00f3n y control de becas est\u00e1 a cargo del Comit\u00e9 Estatal de Becas de la Secci\u00f3n 38, \u00d3rgano de transparencia y justicia.<\/p><p>\u00a0<\/p><p>La distribuci\u00f3n de solicitudes se realiza en proporci\u00f3n a la membres\u00eda de cada delegaci\u00f3n sindical.<\/p><p>\u00a0<\/p><p>Cada solicitud pasa por un proceso de selecci\u00f3n individual de acuerdo a la normatividad establecida.<\/p><\/td><\/tr><tr><td width=\"294\"><p><strong>Requisitos<\/strong><\/p><\/td><td width=\"294\"><p>\u00a0<\/p><p>Ser alumno regular.<\/p><p>\u00a0<\/p><p>Constancia original de estudios.<\/p><p>\u00a0<\/p><p>Tener un promedio m\u00ednimo de 8.0 (ocho punto cero)<\/p><p>\u00a0<\/p><p>Presentar copia fotost\u00e1tica de:<\/p><p>\u00a0<\/p><p>\u2022 Acta de nacimiento del alumno<\/p><p>\u00a0<\/p><p>\u2022 Calificaci\u00f3n del ciclo escolar anterior<\/p><p>\u00a0<\/p><p>\u2022 CURP<\/p><p>\u00a0<\/p><p>\u2022 Tal\u00f3n de cheque del trabajador<\/p><p>\u00a0<\/p><p>\u2022 Credencial de elector<\/p><\/td><\/tr><tr><td width=\"294\"><p><strong>Reglas de Operaci\u00f3n<\/strong><\/p><p><strong>\u00a0<\/strong><\/p><\/td><td width=\"294\"><p>A trav\u00e9s de una comisi\u00f3n bipartita SE-SNTE se determinan, aprueban y autorizan las solicitudes recibidas.<\/p><p>\u00a0<\/p><p>Instituto de Becas para Educaci\u00f3n B\u00e1sica del Estado de Coahuila de Zaragoza verifica que en la base de datos enviada por la Secci\u00f3n Sindical, no exista duplicidad de alumnos con la finalidad de dar conclusi\u00f3n al tr\u00e1mite.<\/p><\/td><\/tr><tr><td width=\"294\"><p><strong>N\u00famero de Beneficiarios en el ciclo escolar<\/strong><\/p><p><strong>\u00a0<\/strong><\/p><p><strong>2023-2024<\/strong><\/p><\/td><td width=\"294\"><p>2,160<\/p><p>\u00a0<\/p><\/td><\/tr><tr><td width=\"294\"><p><strong>Costo del Tr\u00e1mite<\/strong><\/p><p><strong>\u00a0<\/strong><\/p><\/td><td width=\"294\"><p>El tr\u00e1mite es gratuito<\/p><p>\u00a0<\/p><\/td><\/tr><tr><td width=\"294\"><p><strong>Tiempo de Respuesta<\/strong><\/p><p><strong>\u00a0<\/strong><\/p><\/td><td width=\"294\"><p>De acuerdo a Convocatoria del Programa.<\/p><p>\u00a0<\/p><\/td><\/tr><tr><td width=\"294\"><p><strong>Fundamento Legal<\/strong><\/p><p><strong>\u00a0<\/strong><\/p><\/td><td width=\"294\"><p>Cl\u00e1usula Trig\u00e9sima Novena del Convenio\u00a0 entre Gobierno del Estado y el Sindicato Nacional de Trabajadores de la Educaci\u00f3n Secci\u00f3n 38, firmado el 17 de agosto de 2007.<\/p><p>\u00a0<\/p><\/td><\/tr><tr><td width=\"294\"><p><strong>Informaci\u00f3n Complementaria<\/strong><\/p><p><strong>\u00a0<\/strong><\/p><\/td><td width=\"294\"><p>Algunas atribuciones del Comit\u00e9 Estatal de Becas, de la Secci\u00f3n 38:<\/p><p>\u00a0<\/p><p>Presentar al Instituto de Becas para Educaci\u00f3n B\u00e1sica del Estado de Coahuila de Zaragoza, para su consideraci\u00f3n y en su caso, aprobaci\u00f3n el anteproyecto de Convocatoria y del Reglamento Interior y sus modificaciones.<\/p><p>\u00a0<\/p><p>Validar el padr\u00f3n de beneficiarios del Programa, para evitar la duplicidad de apoyos.<\/p><p>\u00a0<\/p><p>Determinar los criterios acad\u00e9micos y socioecon\u00f3micos que servir\u00e1n de base para la regulaci\u00f3n de los procesos de otorgamiento de becas en los diferentes niveles educativos.<\/p><p>\u00a0<\/p><p>No participar\u00e1n en la selecci\u00f3n aquellas solicitudes con documentaci\u00f3n incompleta, incorrecta o alterada o cuando se detecte falsedad u omisi\u00f3n en la informaci\u00f3n proporcionada.<\/p><\/td><\/tr><\/tbody><\/table>\t\t\t\t\t\t\t\t<\/div>\n\t\t\t\t<\/div>\n\t\t\t\t\t<\/div>\n\t\t\t\t<\/div>\n\t\t\t\t<\/div>\n\t\t","protected":false},"excerpt":{"rendered":"<p>Becas para Hijos de Trabajadores de la Educaci\u00f3n pertenecientes a la Secci\u00f3n 38 del Sindicato Nacional de Trabajadores de la Educaci\u00f3n (SNTE). Nombre del Programa \u00a0 \u00a0Becas para hijos de Trabajadores de la Educaci\u00f3n pertenecientes a la Secci\u00f3n 38 del Sindicato Nacional de Trabajadores de la Educaci\u00f3n (SNTE). \u00a0 Impacto Prestaci\u00f3n econ\u00f3mica al personal Docente, al de Apoyo y Asistencia a la Educaci\u00f3n; en beneficio a los hijos. \u00a0 Beneficiarios Alumnos de escuelas p\u00fablicas del nivel de: Primaria, Secundaria, Media Superior (bachiller, bachiller t\u00e9cnico y formaci\u00f3n para el trabajo), Escuelas Normales e Institutos Tecnol\u00f3gicos del Estado de Coahuila. \u00a0 Fuente de la Inversi\u00f3n \u00a0 Estatal \u00a0 Descripci\u00f3n del Programa \u00a0 La beca consiste en el pago de $ 1,600.00 (un mil seiscientos pesos 00\/100 m.n.) en una sola emisi\u00f3n. \u00a0 La promoci\u00f3n asignaci\u00f3n y control de becas est\u00e1 a cargo del Comit\u00e9 Estatal de Becas de la Secci\u00f3n 38, \u00d3rgano de transparencia y justicia. \u00a0 La distribuci\u00f3n de solicitudes se realiza en proporci\u00f3n a la membres\u00eda de cada delegaci\u00f3n sindical. \u00a0 Cada solicitud pasa por un proceso de selecci\u00f3n individual de acuerdo a la normatividad establecida. Requisitos \u00a0 Ser alumno regular. \u00a0 Constancia original de estudios. \u00a0 Tener un promedio m\u00ednimo de 8.0 (ocho punto cero) \u00a0 Presentar copia fotost\u00e1tica de: \u00a0 \u2022 Acta de nacimiento del alumno \u00a0 \u2022 Calificaci\u00f3n del ciclo escolar anterior \u00a0 \u2022 CURP \u00a0 \u2022 Tal\u00f3n de cheque del trabajador \u00a0 \u2022 Credencial de elector Reglas de Operaci\u00f3n \u00a0 A trav\u00e9s de una comisi\u00f3n bipartita SE-SNTE se determinan, aprueban y autorizan las solicitudes recibidas. \u00a0 Instituto de Becas para Educaci\u00f3n B\u00e1sica del Estado de Coahuila de Zaragoza verifica que en la base de datos enviada por la Secci\u00f3n Sindical, no exista duplicidad de alumnos con la finalidad de dar conclusi\u00f3n al tr\u00e1mite. N\u00famero de Beneficiarios en el ciclo escolar \u00a0 2023-2024 2,160 \u00a0 Costo del Tr\u00e1mite \u00a0 El tr\u00e1mite es gratuito \u00a0 Tiempo de Respuesta \u00a0 De acuerdo a Convocatoria del Programa. \u00a0 Fundamento Legal \u00a0 Cl\u00e1usula Trig\u00e9sima Novena del Convenio\u00a0 entre Gobierno del Estado y el Sindicato Nacional de Trabajadores de la Educaci\u00f3n Secci\u00f3n 38, firmado el 17 de agosto de 2007. \u00a0 Informaci\u00f3n Complementaria \u00a0 Algunas atribuciones del Comit\u00e9 Estatal de Becas, de la Secci\u00f3n 38: \u00a0 Presentar al Instituto de Becas para Educaci\u00f3n B\u00e1sica del Estado de Coahuila de Zaragoza, para su consideraci\u00f3n y en su caso, aprobaci\u00f3n el anteproyecto de Convocatoria y del Reglamento Interior y sus modificaciones. \u00a0 Validar el padr\u00f3n de beneficiarios del Programa, para evitar la duplicidad de apoyos. \u00a0 Determinar los criterios acad\u00e9micos y socioecon\u00f3micos que servir\u00e1n de base para la regulaci\u00f3n de los procesos de otorgamiento de becas en los diferentes niveles educativos. \u00a0 No participar\u00e1n en la selecci\u00f3n aquellas solicitudes con documentaci\u00f3n incompleta, incorrecta o alterada o cuando se detecte falsedad u omisi\u00f3n en la informaci\u00f3n proporcionada.<\/p>\n<div class=\"pvc_clear\"><\/div>\n<p id=\"pvc_stats_791\" class=\"pvc_stats all  \" data-element-id=\"791\" style=\"\"><i class=\"pvc-stats-icon large\" aria-hidden=\"true\"><svg xmlns=\"http:\/\/www.w3.org\/2000\/svg\" version=\"1.0\" viewBox=\"0 0 502 315\" preserveAspectRatio=\"xMidYMid meet\"><g transform=\"translate(0,332) scale(0.1,-0.1)\" fill=\"\" stroke=\"none\"><path d=\"M2394 3279 l-29 -30 -3 -207 c-2 -182 0 -211 15 -242 39 -76 157 -76 196 0 15 31 17 60 15 243 l-3 209 -33 29 c-26 23 -41 29 -80 29 -41 0 -53 -5 -78 -31z\"\/><path d=\"M3085 3251 c-45 -19 -58 -50 -96 -229 -47 -217 -49 -260 -13 -295 52 -53 146 -42 177 20 16 31 87 366 87 410 0 70 -86 122 -155 94z\"\/><path d=\"M1751 3234 c-13 -9 -29 -31 -37 -50 -12 -29 -10 -49 21 -204 19 -94 39 -189 45 -210 14 -50 54 -80 110 -80 34 0 48 6 76 34 21 21 34 44 34 59 0 14 -18 113 -40 219 -37 178 -43 195 -70 221 -36 32 -101 37 -139 11z\"\/><path d=\"M1163 3073 c-36 -7 -73 -59 -73 -102 0 -56 133 -378 171 -413 34 -32 83 -37 129 -13 70 36 67 87 -16 290 -86 209 -89 214 -129 231 -35 14 -42 15 -82 7z\"\/><path d=\"M3689 3066 c-15 -9 -33 -30 -42 -48 -48 -103 -147 -355 -147 -375 0 -98 131 -148 192 -74 13 15 57 108 97 206 80 196 84 226 37 273 -30 30 -99 39 -137 18z\"\/><path d=\"M583 2784 c-38 -19 -67 -74 -58 -113 9 -42 211 -354 242 -373 16 -10 45 -18 66 -18 51 0 107 52 107 100 0 39 -1 41 -124 234 -80 126 -108 162 -133 173 -41 17 -61 16 -100 -3z\"\/><path d=\"M4250 2784 c-14 -9 -74 -91 -133 -183 -95 -150 -107 -173 -107 -213 0 -55 33 -94 87 -104 67 -13 90 8 211 198 130 202 137 225 78 284 -27 27 -42 34 -72 34 -22 0 -50 -8 -64 -16z\"\/><path d=\"M2275 2693 c-553 -48 -1095 -270 -1585 -649 -135 -104 -459 -423 -483 -476 -23 -49 -22 -139 2 -186 73 -142 361 -457 571 -626 285 -228 642 -407 990 -497 242 -63 336 -73 660 -74 310 0 370 5 595 52 535 111 1045 392 1455 803 122 121 250 273 275 326 19 41 19 137 0 174 -41 79 -309 363 -465 492 -447 370 -946 591 -1479 653 -113 14 -422 18 -536 8z m395 -428 c171 -34 330 -124 456 -258 112 -119 167 -219 211 -378 27 -96 24 -300 -5 -401 -72 -255 -236 -447 -474 -557 -132 -62 -201 -76 -368 -76 -167 0 -236 14 -368 76 -213 98 -373 271 -451 485 -162 444 86 934 547 1084 153 49 292 57 452 25z m909 -232 c222 -123 408 -262 593 -441 76 -74 138 -139 138 -144 0 -16 -233 -242 -330 -319 -155 -123 -309 -223 -461 -299 l-81 -41 32 46 c18 26 49 83 70 128 143 306 141 649 -6 957 -25 52 -61 116 -79 142 l-34 47 45 -20 c26 -10 76 -36 113 -56z m-2057 25 c-40 -58 -105 -190 -130 -263 -110 -324 -59 -707 132 -981 25 -35 42 -64 37 -64 -19 0 -241 119 -326 174 -188 122 -406 314 -532 468 l-58 71 108 103 c185 178 428 349 672 473 66 33 121 60 123 61 2 0 -10 -19 -26 -42z\"\/><path d=\"M2375 1950 c-198 -44 -350 -190 -395 -379 -18 -76 -8 -221 19 -290 114 -284 457 -406 731 -260 98 52 188 154 231 260 27 69 37 214 19 290 -38 163 -166 304 -326 360 -67 23 -215 33 -279 19z\"\/><\/g><\/svg><\/i> <img decoding=\"async\" width=\"16\" height=\"16\" alt=\"Loading\" src=\"http:\/\/becascoahuila.gob.mx\/wp-content\/plugins\/page-views-count\/ajax-loader-2x.gif\" border=0 \/><\/p>\n<div class=\"pvc_clear\"><\/div>\n","protected":false},"author":1,"featured_media":0,"parent":0,"menu_order":0,"comment_status":"closed","ping_status":"closed","template":"elementor_header_footer","meta":{"footnotes":""},"class_list":["post-791","page","type-page","status-publish","hentry"],"_links":{"self":[{"href":"http:\/\/becascoahuila.gob.mx\/index.php\/wp-json\/wp\/v2\/pages\/791","targetHints":{"allow":["GET"]}}],"collection":[{"href":"http:\/\/becascoahuila.gob.mx\/index.php\/wp-json\/wp\/v2\/pages"}],"about":[{"href":"http:\/\/becascoahuila.gob.mx\/index.php\/wp-json\/wp\/v2\/types\/page"}],"author":[{"embeddable":true,"href":"http:\/\/becascoahuila.gob.mx\/index.php\/wp-json\/wp\/v2\/users\/1"}],"replies":[{"embeddable":true,"href":"http:\/\/becascoahuila.gob.mx\/index.php\/wp-json\/wp\/v2\/comments?post=791"}],"version-history":[{"count":11,"href":"http:\/\/becascoahuila.gob.mx\/index.php\/wp-json\/wp\/v2\/pages\/791\/revisions"}],"predecessor-version":[{"id":858,"href":"http:\/\/becascoahuila.gob.mx\/index.php\/wp-json\/wp\/v2\/pages\/791\/revisions\/858"}],"wp:attachment":[{"href":"http:\/\/becascoahuila.gob.mx\/index.php\/wp-json\/wp\/v2\/media?parent=791"}],"curies":[{"name":"wp","href":"https:\/\/api.w.org\/{rel}","templated":true}]}}