{"id":889,"date":"2024-04-15T17:31:22","date_gmt":"2024-04-15T17:31:22","guid":{"rendered":"http:\/\/becascoahuila.gob.mx\/?page_id=889"},"modified":"2025-03-19T22:58:29","modified_gmt":"2025-03-19T22:58:29","slug":"becas-instituciones-particulares-basica-secundaria","status":"publish","type":"page","link":"http:\/\/becascoahuila.gob.mx\/index.php\/becas-instituciones-particulares-basica-secundaria\/","title":{"rendered":"Programa de Becas para Alumnos inscritos en intituciones particulares incorporadas &#8211; Secundaria"},"content":{"rendered":"\t\t<div data-elementor-type=\"wp-page\" data-elementor-id=\"889\" class=\"elementor elementor-889\">\n\t\t\t\t<div class=\"elementor-element elementor-element-904627a e-flex e-con-boxed wpr-particle-no wpr-jarallax-no wpr-parallax-no wpr-sticky-section-no e-con e-parent\" data-id=\"904627a\" data-element_type=\"container\">\n\t\t\t\t\t<div class=\"e-con-inner\">\n\t\t<div class=\"elementor-element elementor-element-9fdc61f e-flex e-con-boxed wpr-particle-no wpr-jarallax-no wpr-parallax-no wpr-sticky-section-no e-con e-child\" data-id=\"9fdc61f\" data-element_type=\"container\">\n\t\t\t\t\t<div class=\"e-con-inner\">\n\t\t<div class=\"elementor-element elementor-element-648f4f9 e-flex e-con-boxed wpr-particle-no wpr-jarallax-no wpr-parallax-no wpr-sticky-section-no e-con e-child\" data-id=\"648f4f9\" data-element_type=\"container\">\n\t\t\t\t\t<div class=\"e-con-inner\">\n\t\t\t\t<div class=\"elementor-element elementor-element-e767bc3 elementor-widget elementor-widget-heading\" data-id=\"e767bc3\" data-element_type=\"widget\" data-widget_type=\"heading.default\">\n\t\t\t\t<div class=\"elementor-widget-container\">\n\t\t\t\t\t<h2 class=\"elementor-heading-title elementor-size-default\">Documentos Informativos<\/h2>\t\t\t\t<\/div>\n\t\t\t\t<\/div>\n\t\t\t\t\t<\/div>\n\t\t\t\t<\/div>\n\t\t<div class=\"elementor-element elementor-element-e23824c e-flex e-con-boxed wpr-particle-no wpr-jarallax-no wpr-parallax-no wpr-sticky-section-no e-con e-child\" data-id=\"e23824c\" data-element_type=\"container\">\n\t\t\t\t\t<div class=\"e-con-inner\">\n\t\t<div class=\"elementor-element elementor-element-4e087c9 e-con-full e-flex wpr-particle-no wpr-jarallax-no wpr-parallax-no wpr-sticky-section-no e-con e-child\" data-id=\"4e087c9\" data-element_type=\"container\">\n\t\t\t\t<div class=\"elementor-element elementor-element-b788a63 elementor-align-justify elementor-widget elementor-widget-button\" data-id=\"b788a63\" data-element_type=\"widget\" data-widget_type=\"button.default\">\n\t\t\t\t<div class=\"elementor-widget-container\">\n\t\t\t\t\t\t\t\t\t<div class=\"elementor-button-wrapper\">\n\t\t\t\t\t<a class=\"elementor-button elementor-button-link elementor-size-lg\" href=\"http:\/\/becascoahuila.gob.mx\/wp-content\/uploads\/2025\/03\/CONVOCATORIA.pdf\" target=\"_blank\">\n\t\t\t\t\t\t<span class=\"elementor-button-content-wrapper\">\n\t\t\t\t\t\t\t\t\t<span class=\"elementor-button-text\">Convocatoria<\/span>\n\t\t\t\t\t<\/span>\n\t\t\t\t\t<\/a>\n\t\t\t\t<\/div>\n\t\t\t\t\t\t\t\t<\/div>\n\t\t\t\t<\/div>\n\t\t\t\t<\/div>\n\t\t<div class=\"elementor-element elementor-element-78dd6f0 e-con-full e-flex wpr-particle-no wpr-jarallax-no wpr-parallax-no wpr-sticky-section-no e-con e-child\" data-id=\"78dd6f0\" data-element_type=\"container\">\n\t\t\t\t<div class=\"elementor-element elementor-element-c927020 elementor-align-justify elementor-widget elementor-widget-button\" data-id=\"c927020\" data-element_type=\"widget\" data-widget_type=\"button.default\">\n\t\t\t\t<div class=\"elementor-widget-container\">\n\t\t\t\t\t\t\t\t\t<div class=\"elementor-button-wrapper\">\n\t\t\t\t\t<a class=\"elementor-button elementor-button-link elementor-size-lg\" href=\"http:\/\/becascoahuila.gob.mx\/wp-content\/uploads\/2025\/03\/Solicitud-2025-2026.pdf\" target=\"_blank\">\n\t\t\t\t\t\t<span class=\"elementor-button-content-wrapper\">\n\t\t\t\t\t\t\t\t\t<span class=\"elementor-button-text\">Solicitud<\/span>\n\t\t\t\t\t<\/span>\n\t\t\t\t\t<\/a>\n\t\t\t\t<\/div>\n\t\t\t\t\t\t\t\t<\/div>\n\t\t\t\t<\/div>\n\t\t\t\t<\/div>\n\t\t<div class=\"elementor-element elementor-element-b182000 e-con-full e-flex wpr-particle-no wpr-jarallax-no wpr-parallax-no wpr-sticky-section-no e-con e-child\" data-id=\"b182000\" data-element_type=\"container\">\n\t\t\t\t<div class=\"elementor-element elementor-element-ba973b8 elementor-align-justify elementor-widget elementor-widget-button\" data-id=\"ba973b8\" data-element_type=\"widget\" data-widget_type=\"button.default\">\n\t\t\t\t<div class=\"elementor-widget-container\">\n\t\t\t\t\t\t\t\t\t<div class=\"elementor-button-wrapper\">\n\t\t\t\t\t<a class=\"elementor-button elementor-button-link elementor-size-lg\" href=\"http:\/\/becascoahuila.gob.mx\/wp-content\/uploads\/2025\/03\/EstudioSocioeconomico.pdf\" target=\"_blank\">\n\t\t\t\t\t\t<span class=\"elementor-button-content-wrapper\">\n\t\t\t\t\t\t\t\t\t<span class=\"elementor-button-text\">Propuesta de Estudio Socioecon\u00f3mico<\/span>\n\t\t\t\t\t<\/span>\n\t\t\t\t\t<\/a>\n\t\t\t\t<\/div>\n\t\t\t\t\t\t\t\t<\/div>\n\t\t\t\t<\/div>\n\t\t\t\t<\/div>\n\t\t\t\t\t<\/div>\n\t\t\t\t<\/div>\n\t\t<div class=\"elementor-element elementor-element-ad6a614 e-flex e-con-boxed wpr-particle-no wpr-jarallax-no wpr-parallax-no wpr-sticky-section-no e-con e-child\" data-id=\"ad6a614\" data-element_type=\"container\">\n\t\t\t\t\t<div class=\"e-con-inner\">\n\t\t<div class=\"elementor-element elementor-element-6dfdc0f e-con-full e-flex wpr-particle-no wpr-jarallax-no wpr-parallax-no wpr-sticky-section-no e-con e-child\" data-id=\"6dfdc0f\" data-element_type=\"container\">\n\t\t\t\t<div class=\"elementor-element elementor-element-75780d6 elementor-align-justify elementor-widget elementor-widget-button\" data-id=\"75780d6\" data-element_type=\"widget\" data-widget_type=\"button.default\">\n\t\t\t\t<div class=\"elementor-widget-container\">\n\t\t\t\t\t\t\t\t\t<div class=\"elementor-button-wrapper\">\n\t\t\t\t\t<a class=\"elementor-button elementor-button-link elementor-size-md\" href=\"http:\/\/becascoahuila.gob.mx\/wp-content\/uploads\/2025\/03\/COMITE-DE-BECAS-DE-LA-INSTITUCION.pdf\" target=\"_blank\">\n\t\t\t\t\t\t<span class=\"elementor-button-content-wrapper\">\n\t\t\t\t\t\t\t\t\t<span class=\"elementor-button-text\">Comit\u00e9 de Becas de la Instituci\u00f3n<\/span>\n\t\t\t\t\t<\/span>\n\t\t\t\t\t<\/a>\n\t\t\t\t<\/div>\n\t\t\t\t\t\t\t\t<\/div>\n\t\t\t\t<\/div>\n\t\t\t\t<\/div>\n\t\t<div class=\"elementor-element elementor-element-97682d1 e-con-full e-flex wpr-particle-no wpr-jarallax-no wpr-parallax-no wpr-sticky-section-no e-con e-child\" data-id=\"97682d1\" data-element_type=\"container\">\n\t\t\t\t<div class=\"elementor-element elementor-element-8fc862d elementor-align-justify elementor-widget elementor-widget-button\" data-id=\"8fc862d\" data-element_type=\"widget\" data-widget_type=\"button.default\">\n\t\t\t\t<div class=\"elementor-widget-container\">\n\t\t\t\t\t\t\t\t\t<div class=\"elementor-button-wrapper\">\n\t\t\t\t\t<a class=\"elementor-button elementor-button-link elementor-size-md\" href=\"http:\/\/becascoahuila.gob.mx\/wp-content\/uploads\/2025\/03\/CIRCULAR.pdf\" target=\"_blank\">\n\t\t\t\t\t\t<span class=\"elementor-button-content-wrapper\">\n\t\t\t\t\t\t\t\t\t<span class=\"elementor-button-text\">Acuerdo 205<\/span>\n\t\t\t\t\t<\/span>\n\t\t\t\t\t<\/a>\n\t\t\t\t<\/div>\n\t\t\t\t\t\t\t\t<\/div>\n\t\t\t\t<\/div>\n\t\t\t\t<\/div>\n\t\t<div class=\"elementor-element elementor-element-b7367d5 e-con-full e-flex wpr-particle-no wpr-jarallax-no wpr-parallax-no wpr-sticky-section-no e-con e-child\" data-id=\"b7367d5\" data-element_type=\"container\">\n\t\t\t\t<div class=\"elementor-element elementor-element-7940748 elementor-align-justify elementor-widget elementor-widget-button\" data-id=\"7940748\" data-element_type=\"widget\" data-widget_type=\"button.default\">\n\t\t\t\t<div class=\"elementor-widget-container\">\n\t\t\t\t\t\t\t\t\t<div class=\"elementor-button-wrapper\">\n\t\t\t\t\t<a class=\"elementor-button elementor-button-link elementor-size-md\" href=\"http:\/\/becascoahuila.gob.mx\/wp-content\/uploads\/2025\/03\/CRONOGRAMA-DE-ACTIVIDADES.pdf\" target=\"_blank\">\n\t\t\t\t\t\t<span class=\"elementor-button-content-wrapper\">\n\t\t\t\t\t\t\t\t\t<span class=\"elementor-button-text\">Cronograma de actividades<\/span>\n\t\t\t\t\t<\/span>\n\t\t\t\t\t<\/a>\n\t\t\t\t<\/div>\n\t\t\t\t\t\t\t\t<\/div>\n\t\t\t\t<\/div>\n\t\t\t\t<\/div>\n\t\t<div class=\"elementor-element elementor-element-02f8579 e-con-full e-flex wpr-particle-no wpr-jarallax-no wpr-parallax-no wpr-sticky-section-no e-con e-child\" data-id=\"02f8579\" data-element_type=\"container\" data-settings=\"{&quot;background_background&quot;:&quot;classic&quot;}\">\n\t\t\t\t<div class=\"elementor-element elementor-element-a1ffebb elementor-align-justify elementor-widget elementor-widget-button\" data-id=\"a1ffebb\" data-element_type=\"widget\" data-widget_type=\"button.default\">\n\t\t\t\t<div class=\"elementor-widget-container\">\n\t\t\t\t\t\t\t\t\t<div class=\"elementor-button-wrapper\">\n\t\t\t\t\t<a class=\"elementor-button elementor-button-link elementor-size-md\" href=\"http:\/\/becascoahuila.gob.mx\/wp-content\/uploads\/2025\/03\/AVISO-DE-PRIVACIDAD.pdf\" target=\"_blank\">\n\t\t\t\t\t\t<span class=\"elementor-button-content-wrapper\">\n\t\t\t\t\t\t\t\t\t<span class=\"elementor-button-text\">Aviso de Privacidad<\/span>\n\t\t\t\t\t<\/span>\n\t\t\t\t\t<\/a>\n\t\t\t\t<\/div>\n\t\t\t\t\t\t\t\t<\/div>\n\t\t\t\t<\/div>\n\t\t\t\t<\/div>\n\t\t\t\t\t<\/div>\n\t\t\t\t<\/div>\n\t\t\t\t\t<\/div>\n\t\t\t\t<\/div>\n\t\t\t\t<div class=\"elementor-element elementor-element-74d189d elementor-widget elementor-widget-heading\" data-id=\"74d189d\" data-element_type=\"widget\" data-widget_type=\"heading.default\">\n\t\t\t\t<div class=\"elementor-widget-container\">\n\t\t\t\t\t<h2 class=\"elementor-heading-title elementor-size-default\">PROGRAMA DE BECAS PARA ALUMNOS INSCRITOS EN INSTITUCIONES PARTICULARES INCORPORADAS - SECUNDARIAS<\/h2>\t\t\t\t<\/div>\n\t\t\t\t<\/div>\n\t\t\t\t<div class=\"elementor-element elementor-element-3accfbb elementor-widget elementor-widget-text-editor\" data-id=\"3accfbb\" data-element_type=\"widget\" data-widget_type=\"text-editor.default\">\n\t\t\t\t<div class=\"elementor-widget-container\">\n\t\t\t\t\t\t\t\t\t<table>\n<tbody>\n<tr>\n<td width=\"179\">\n<p>Nombre del Programa<\/p>\n<\/td>\n<td width=\"409\">\n<p>Programa de Becas para Alumnos Inscritos en Instituciones Particulares Incorporadas<\/p>\n<\/td>\n<\/tr>\n<tr>\n<td width=\"179\">\n<p>Objetivo<\/p>\n<\/td>\n<td width=\"409\">\n<p>Propiciar la permanencia y conclusi\u00f3n de los estudios de los alumnos inscritos en Instituciones Incorporadas a la Secretar\u00eda de Educaci\u00f3n, fomentar la equidad educativa; as\u00ed como el apoyo a la econom\u00eda familiar.<\/p>\n<\/td>\n<\/tr>\n<tr>\n<td width=\"179\">\n<p>Beneficiarios<\/p>\n<\/td>\n<td width=\"409\">\n<p>Alumnos inscritos en Instituciones Particulares de Educaci\u00f3n B\u00e1sica.<\/p>\n<\/td>\n<\/tr>\n<tr>\n<td width=\"179\">\n<p>Fuente de la Inversi\u00f3n<\/p>\n<\/td>\n<td width=\"409\">Sostenimiento Particular<\/td>\n<\/tr>\n<tr>\n<td width=\"179\">\n<p>Descripci\u00f3n del Programa<\/p>\n<\/td>\n<td width=\"409\">\n<p>Las becas escolares consisten en la exenci\u00f3n del pago total o parcial de la inscripci\u00f3n y de las colegiaturas mensuales, o s\u00f3lo de \u00e9stas \u00faltimas. La exenci\u00f3n parcial deber\u00e1 ser equivalente, cuando menos al 20% del total de dichas cuotas.<\/p>\n<p>Podr\u00e1 asignarse un porcentaje menor al 20% referido, solamente cuando las tres cuartas partes de los miembros del Comit\u00e9 as\u00ed lo determinen.<\/p>\n<\/td>\n<\/tr>\n<tr>\n<td width=\"179\">\n<p>Requisitos<\/p>\n<\/td>\n<td width=\"409\">\n<p>\u2022 Ser alumno regular de la Instituci\u00f3n.<\/p>\n<p>\u2022 No estar recibiendo otro beneficio equivalente de tipo econ\u00f3mico o en especie otorgado para su educaci\u00f3n por un organismo p\u00fablico o privado.<\/p>\n<p>\u2022 Los casos de renovaci\u00f3n de becarios ser\u00e1n sujetos a revisi\u00f3n por el Comit\u00e9 de Becas de cada Instituci\u00f3n, en condiciones similares de los dem\u00e1s solicitantes.<\/p>\n<p>\u2022 Ser alumno regular en la Instituci\u00f3n, para el Nivel B\u00e1sico tener un promedio m\u00ednimo de septiembre de 2024 a Enero de 2025 de 8.5 en materias acad\u00e9micas.<\/p>\n<p>\u2022&nbsp; Los becarios ser\u00e1n seleccionados con base a su aprovechamiento acad\u00e9mico y a la situaci\u00f3n socioecon\u00f3mica de la familia.<\/p>\n<p>\u2022 Realizar el tr\u00e1mite en la Instituci\u00f3n en el mes de marzo de 2025.<\/p>\n<p>\u2022 Llenar el formato de solicitud y el formato de estudio socioecon\u00f3mico y dem\u00e1s requisitos que establezca el Comit\u00e9 de Becas de la Instituci\u00f3n.<\/p>\n<\/td>\n<\/tr>\n<tr>\n<td width=\"179\">\n<p>Reglas de Operaci\u00f3n<\/p>\n<\/td>\n<td width=\"409\">\n<p>Lineamientos Generales para regular el otorgamiento de becas del Acuerdo 205 con fundamento en los art\u00edculos 38 de la Ley Org\u00e1nica de la Administraci\u00f3n P\u00fablica Federal; 12, fracci\u00f3n XIII, 16, 57 fracci\u00f3n I y 76 de la Ley General de Educaci\u00f3n y 5\u00b0; fracci\u00f3n I y XVI y 15, fracci\u00f3n X del Reglamento Interior de la Secretar\u00eda de Educaci\u00f3n P\u00fablica determina que las Instituciones Incorporadas a la SEDU deber\u00e1n otorgar el 5% de la inscripci\u00f3n total de alumnos en cada nivel educativo. (Inicial, Preescolar, Primaria, Secundaria, Profesional T\u00e9cnico, Superior).<\/p>\n<\/td>\n<\/tr>\n<tr>\n<td width=\"179\">\n<p>Contacto(s)\/Horario<\/p>\n<p>de Atenci\u00f3n<\/p>\n<\/td>\n<td width=\"409\">\n<p>Instituto de Becas para Educaci\u00f3n B\u00e1sica<\/p>\n<p>Nivel Educativo correspondiente<\/p>\n<p>Correo Electr\u00f3nico: becasparticulares@seducoahuila.gob.mx<\/p>\n<p>Horario de Atenci\u00f3n<\/p>\n<p>Lunes a Viernes de 9:00 \u2013 15:00 horas<\/p>\n<\/td>\n<\/tr>\n<tr>\n<td width=\"179\">\n<p>Costo del Tr\u00e1mite<\/p>\n<\/td>\n<td width=\"409\">\n<p>El formato y el tr\u00e1mite de Solicitud es gratuito.<\/p>\n<\/td>\n<\/tr>\n<tr>\n<td width=\"179\">\n<p>Tiempo de Respuesta<\/p>\n<\/td>\n<td width=\"409\">\n<p>El resultado de la solicitud se notificar\u00e1 al estudiante, por escrito dentro de los 15 d\u00edas posteriores al inicio del ciclo escolar para el cual solicit\u00f3 la beca.<\/p>\n<\/td>\n<\/tr>\n<tr>\n<td width=\"179\">\n<p>Fundamento Legal<\/p>\n<\/td>\n<td width=\"409\">\n<p>Acuerdo 205 por el que se determinan los lineamientos generales para el otorgamiento de becas en Instituciones Particulares de Educaci\u00f3n Inicial, B\u00e1sica, Especial, Media Superior y Superior, que cuentan con autorizaci\u00f3n o reconocimiento de validez oficial de estudios otorgado por la Secretar\u00eda de Educaci\u00f3n P\u00fablica.<\/p>\n<\/td>\n<\/tr>\n<tr>\n<td width=\"179\">\n<p>Informaci\u00f3n Complementaria<\/p>\n<\/td>\n<td width=\"409\">\n<p>\u2022 El tr\u00e1mite de solicitud no garantiza la obtenci\u00f3n de una beca.<\/p>\n<p>\u2022 El Comit\u00e9 de Becas de la Instituci\u00f3n ser\u00e1 el responsable de definir los criterios socioecon\u00f3micos que se considerar\u00e1n para efectuar una selecci\u00f3n objetiva y transparente de los alumnos con problemas econ\u00f3micos que cuenten con merecimientos acad\u00e9micos para recibir una beca.<\/p>\n<p>\u2022 Es obligaci\u00f3n del solicitante y\/o de sus padres proporcionar con veracidad y oportunidad toda la informaci\u00f3n y documentaci\u00f3n que el Programa le solicite, a trav\u00e9s del Comit\u00e9 de Becas de la Instituci\u00f3n.<\/p>\n<p>\u2022 La beca tendr\u00e1 vigencia de un ciclo escolar.<\/p>\n<\/td>\n<\/tr>\n<\/tbody>\n<\/table>\t\t\t\t\t\t\t\t<\/div>\n\t\t\t\t<\/div>\n\t\t\t\t\t<\/div>\n\t\t\t\t<\/div>\n\t\t\t\t<\/div>\n\t\t","protected":false},"excerpt":{"rendered":"<p>Documentos Informativos Convocatoria Solicitud Propuesta de Estudio Socioecon\u00f3mico Comit\u00e9 de Becas de la Instituci\u00f3n Acuerdo 205 Cronograma de actividades Aviso de Privacidad PROGRAMA DE BECAS PARA ALUMNOS INSCRITOS EN INSTITUCIONES PARTICULARES INCORPORADAS &#8211; SECUNDARIAS Nombre del Programa Programa de Becas para Alumnos Inscritos en Instituciones Particulares Incorporadas Objetivo Propiciar la permanencia y conclusi\u00f3n de los estudios de los alumnos inscritos en Instituciones Incorporadas a la Secretar\u00eda de Educaci\u00f3n, fomentar la equidad educativa; as\u00ed como el apoyo a la econom\u00eda familiar. Beneficiarios Alumnos inscritos en Instituciones Particulares de Educaci\u00f3n B\u00e1sica. Fuente de la Inversi\u00f3n Sostenimiento Particular Descripci\u00f3n del Programa Las becas escolares consisten en la exenci\u00f3n del pago total o parcial de la inscripci\u00f3n y de las colegiaturas mensuales, o s\u00f3lo de \u00e9stas \u00faltimas. La exenci\u00f3n parcial deber\u00e1 ser equivalente, cuando menos al 20% del total de dichas cuotas. Podr\u00e1 asignarse un porcentaje menor al 20% referido, solamente cuando las tres cuartas partes de los miembros del Comit\u00e9 as\u00ed lo determinen. Requisitos \u2022 Ser alumno regular de la Instituci\u00f3n. \u2022 No estar recibiendo otro beneficio equivalente de tipo econ\u00f3mico o en especie otorgado para su educaci\u00f3n por un organismo p\u00fablico o privado. \u2022 Los casos de renovaci\u00f3n de becarios ser\u00e1n sujetos a revisi\u00f3n por el Comit\u00e9 de Becas de cada Instituci\u00f3n, en condiciones similares de los dem\u00e1s solicitantes. \u2022 Ser alumno regular en la Instituci\u00f3n, para el Nivel B\u00e1sico tener un promedio m\u00ednimo de septiembre de 2024 a Enero de 2025 de 8.5 en materias acad\u00e9micas. \u2022&nbsp; Los becarios ser\u00e1n seleccionados con base a su aprovechamiento acad\u00e9mico y a la situaci\u00f3n socioecon\u00f3mica de la familia. \u2022 Realizar el tr\u00e1mite en la Instituci\u00f3n en el mes de marzo de 2025. \u2022 Llenar el formato de solicitud y el formato de estudio socioecon\u00f3mico y dem\u00e1s requisitos que establezca el Comit\u00e9 de Becas de la Instituci\u00f3n. Reglas de Operaci\u00f3n Lineamientos Generales para regular el otorgamiento de becas del Acuerdo 205 con fundamento en los art\u00edculos 38 de la Ley Org\u00e1nica de la Administraci\u00f3n P\u00fablica Federal; 12, fracci\u00f3n XIII, 16, 57 fracci\u00f3n I y 76 de la Ley General de Educaci\u00f3n y 5\u00b0; fracci\u00f3n I y XVI y 15, fracci\u00f3n X del Reglamento Interior de la Secretar\u00eda de Educaci\u00f3n P\u00fablica determina que las Instituciones Incorporadas a la SEDU deber\u00e1n otorgar el 5% de la inscripci\u00f3n total de alumnos en cada nivel educativo. (Inicial, Preescolar, Primaria, Secundaria, Profesional T\u00e9cnico, Superior). Contacto(s)\/Horario de Atenci\u00f3n Instituto de Becas para Educaci\u00f3n B\u00e1sica Nivel Educativo correspondiente Correo Electr\u00f3nico: becasparticulares@seducoahuila.gob.mx Horario de Atenci\u00f3n Lunes a Viernes de 9:00 \u2013 15:00 horas Costo del Tr\u00e1mite El formato y el tr\u00e1mite de Solicitud es gratuito. Tiempo de Respuesta El resultado de la solicitud se notificar\u00e1 al estudiante, por escrito dentro de los 15 d\u00edas posteriores al inicio del ciclo escolar para el cual solicit\u00f3 la beca. Fundamento Legal Acuerdo 205 por el que se determinan los lineamientos generales para el otorgamiento de becas en Instituciones Particulares de Educaci\u00f3n Inicial, B\u00e1sica, Especial, Media Superior y Superior, que cuentan con autorizaci\u00f3n o reconocimiento de validez oficial de estudios otorgado por la Secretar\u00eda de Educaci\u00f3n P\u00fablica. Informaci\u00f3n Complementaria \u2022 El tr\u00e1mite de solicitud no garantiza la obtenci\u00f3n de una beca. \u2022 El Comit\u00e9 de Becas de la Instituci\u00f3n ser\u00e1 el responsable de definir los criterios socioecon\u00f3micos que se considerar\u00e1n para efectuar una selecci\u00f3n objetiva y transparente de los alumnos con problemas econ\u00f3micos que cuenten con merecimientos acad\u00e9micos para recibir una beca. \u2022 Es obligaci\u00f3n del solicitante y\/o de sus padres proporcionar con veracidad y oportunidad toda la informaci\u00f3n y documentaci\u00f3n que el Programa le solicite, a trav\u00e9s del Comit\u00e9 de Becas de la Instituci\u00f3n. \u2022 La beca tendr\u00e1 vigencia de un ciclo escolar.<\/p>\n<div class=\"pvc_clear\"><\/div>\n<p id=\"pvc_stats_889\" class=\"pvc_stats all  \" data-element-id=\"889\" style=\"\"><i class=\"pvc-stats-icon large\" aria-hidden=\"true\"><svg xmlns=\"http:\/\/www.w3.org\/2000\/svg\" version=\"1.0\" viewBox=\"0 0 502 315\" preserveAspectRatio=\"xMidYMid meet\"><g transform=\"translate(0,332) scale(0.1,-0.1)\" fill=\"\" stroke=\"none\"><path d=\"M2394 3279 l-29 -30 -3 -207 c-2 -182 0 -211 15 -242 39 -76 157 -76 196 0 15 31 17 60 15 243 l-3 209 -33 29 c-26 23 -41 29 -80 29 -41 0 -53 -5 -78 -31z\"\/><path d=\"M3085 3251 c-45 -19 -58 -50 -96 -229 -47 -217 -49 -260 -13 -295 52 -53 146 -42 177 20 16 31 87 366 87 410 0 70 -86 122 -155 94z\"\/><path d=\"M1751 3234 c-13 -9 -29 -31 -37 -50 -12 -29 -10 -49 21 -204 19 -94 39 -189 45 -210 14 -50 54 -80 110 -80 34 0 48 6 76 34 21 21 34 44 34 59 0 14 -18 113 -40 219 -37 178 -43 195 -70 221 -36 32 -101 37 -139 11z\"\/><path d=\"M1163 3073 c-36 -7 -73 -59 -73 -102 0 -56 133 -378 171 -413 34 -32 83 -37 129 -13 70 36 67 87 -16 290 -86 209 -89 214 -129 231 -35 14 -42 15 -82 7z\"\/><path d=\"M3689 3066 c-15 -9 -33 -30 -42 -48 -48 -103 -147 -355 -147 -375 0 -98 131 -148 192 -74 13 15 57 108 97 206 80 196 84 226 37 273 -30 30 -99 39 -137 18z\"\/><path d=\"M583 2784 c-38 -19 -67 -74 -58 -113 9 -42 211 -354 242 -373 16 -10 45 -18 66 -18 51 0 107 52 107 100 0 39 -1 41 -124 234 -80 126 -108 162 -133 173 -41 17 -61 16 -100 -3z\"\/><path d=\"M4250 2784 c-14 -9 -74 -91 -133 -183 -95 -150 -107 -173 -107 -213 0 -55 33 -94 87 -104 67 -13 90 8 211 198 130 202 137 225 78 284 -27 27 -42 34 -72 34 -22 0 -50 -8 -64 -16z\"\/><path d=\"M2275 2693 c-553 -48 -1095 -270 -1585 -649 -135 -104 -459 -423 -483 -476 -23 -49 -22 -139 2 -186 73 -142 361 -457 571 -626 285 -228 642 -407 990 -497 242 -63 336 -73 660 -74 310 0 370 5 595 52 535 111 1045 392 1455 803 122 121 250 273 275 326 19 41 19 137 0 174 -41 79 -309 363 -465 492 -447 370 -946 591 -1479 653 -113 14 -422 18 -536 8z m395 -428 c171 -34 330 -124 456 -258 112 -119 167 -219 211 -378 27 -96 24 -300 -5 -401 -72 -255 -236 -447 -474 -557 -132 -62 -201 -76 -368 -76 -167 0 -236 14 -368 76 -213 98 -373 271 -451 485 -162 444 86 934 547 1084 153 49 292 57 452 25z m909 -232 c222 -123 408 -262 593 -441 76 -74 138 -139 138 -144 0 -16 -233 -242 -330 -319 -155 -123 -309 -223 -461 -299 l-81 -41 32 46 c18 26 49 83 70 128 143 306 141 649 -6 957 -25 52 -61 116 -79 142 l-34 47 45 -20 c26 -10 76 -36 113 -56z m-2057 25 c-40 -58 -105 -190 -130 -263 -110 -324 -59 -707 132 -981 25 -35 42 -64 37 -64 -19 0 -241 119 -326 174 -188 122 -406 314 -532 468 l-58 71 108 103 c185 178 428 349 672 473 66 33 121 60 123 61 2 0 -10 -19 -26 -42z\"\/><path d=\"M2375 1950 c-198 -44 -350 -190 -395 -379 -18 -76 -8 -221 19 -290 114 -284 457 -406 731 -260 98 52 188 154 231 260 27 69 37 214 19 290 -38 163 -166 304 -326 360 -67 23 -215 33 -279 19z\"\/><\/g><\/svg><\/i> <img decoding=\"async\" width=\"16\" height=\"16\" alt=\"Loading\" src=\"http:\/\/becascoahuila.gob.mx\/wp-content\/plugins\/page-views-count\/ajax-loader-2x.gif\" border=0 \/><\/p>\n<div class=\"pvc_clear\"><\/div>\n","protected":false},"author":1,"featured_media":0,"parent":0,"menu_order":0,"comment_status":"closed","ping_status":"closed","template":"elementor_header_footer","meta":{"footnotes":""},"class_list":["post-889","page","type-page","status-publish","hentry"],"_links":{"self":[{"href":"http:\/\/becascoahuila.gob.mx\/index.php\/wp-json\/wp\/v2\/pages\/889","targetHints":{"allow":["GET"]}}],"collection":[{"href":"http:\/\/becascoahuila.gob.mx\/index.php\/wp-json\/wp\/v2\/pages"}],"about":[{"href":"http:\/\/becascoahuila.gob.mx\/index.php\/wp-json\/wp\/v2\/types\/page"}],"author":[{"embeddable":true,"href":"http:\/\/becascoahuila.gob.mx\/index.php\/wp-json\/wp\/v2\/users\/1"}],"replies":[{"embeddable":true,"href":"http:\/\/becascoahuila.gob.mx\/index.php\/wp-json\/wp\/v2\/comments?post=889"}],"version-history":[{"count":17,"href":"http:\/\/becascoahuila.gob.mx\/index.php\/wp-json\/wp\/v2\/pages\/889\/revisions"}],"predecessor-version":[{"id":1046,"href":"http:\/\/becascoahuila.gob.mx\/index.php\/wp-json\/wp\/v2\/pages\/889\/revisions\/1046"}],"wp:attachment":[{"href":"http:\/\/becascoahuila.gob.mx\/index.php\/wp-json\/wp\/v2\/media?parent=889"}],"curies":[{"name":"wp","href":"https:\/\/api.w.org\/{rel}","templated":true}]}}